{"id":1798,"date":"2023-07-25T15:08:43","date_gmt":"2023-07-25T13:08:43","guid":{"rendered":"https:\/\/fondazionenicoladelroscio.it\/press\/"},"modified":"2023-12-22T16:30:30","modified_gmt":"2023-12-22T15:30:30","slug":"press","status":"publish","type":"page","link":"https:\/\/fondazionenicoladelroscio.it\/en\/press\/","title":{"rendered":"Press"},"content":{"rendered":"\t\t<div data-elementor-type=\"wp-page\" data-elementor-id=\"1798\" class=\"elementor elementor-1798 elementor-1120\" data-elementor-post-type=\"page\">\n\t\t\t\t\t\t<section class=\"elementor-section elementor-top-section elementor-element elementor-element-6ebdde7 elementor-section-boxed elementor-section-height-default elementor-section-height-default parallax_section_no qode_elementor_container_no qode-content-aligment-left\" data-id=\"6ebdde7\" data-element_type=\"section\" data-e-type=\"section\">\n\t\t\t\t\t\t<div class=\"elementor-container elementor-column-gap-default\">\n\t\t\t\t\t<div class=\"elementor-column elementor-col-100 elementor-top-column elementor-element elementor-element-821eb21\" data-id=\"821eb21\" data-element_type=\"column\" data-e-type=\"column\">\n\t\t\t<div class=\"elementor-widget-wrap elementor-element-populated\">\n\t\t\t\t\t\t<div class=\"elementor-element elementor-element-bc8a2e3 elementor-widget elementor-widget-heading\" data-id=\"bc8a2e3\" data-element_type=\"widget\" data-e-type=\"widget\" data-widget_type=\"heading.default\">\n\t\t\t\t<div class=\"elementor-widget-container\">\n\t\t\t\t\t<h2 class=\"elementor-heading-title elementor-size-default\">Press<\/h2>\t\t\t\t<\/div>\n\t\t\t\t<\/div>\n\t\t\t\t<div class=\"elementor-element elementor-element-f1894f9 elementor-widget-divider--view-line elementor-widget elementor-widget-divider\" data-id=\"f1894f9\" data-element_type=\"widget\" data-e-type=\"widget\" data-widget_type=\"divider.default\">\n\t\t\t\t<div class=\"elementor-widget-container\">\n\t\t\t\t\t\t\t<div class=\"elementor-divider\">\n\t\t\t<span class=\"elementor-divider-separator\">\n\t\t\t\t\t\t<\/span>\n\t\t<\/div>\n\t\t\t\t\t\t<\/div>\n\t\t\t\t<\/div>\n\t\t\t\t\t<\/div>\n\t\t<\/div>\n\t\t\t\t\t<\/div>\n\t\t<\/section>\n\t\t\t\t<section class=\"elementor-section elementor-top-section elementor-element elementor-element-fc25016 elementor-section-boxed elementor-section-height-default elementor-section-height-default parallax_section_no qode_elementor_container_no qode-content-aligment-left\" data-id=\"fc25016\" data-element_type=\"section\" data-e-type=\"section\">\n\t\t\t\t\t\t<div class=\"elementor-container elementor-column-gap-default\">\n\t\t\t\t\t<div class=\"elementor-column elementor-col-100 elementor-top-column elementor-element elementor-element-2e57e32\" data-id=\"2e57e32\" data-element_type=\"column\" data-e-type=\"column\">\n\t\t\t<div class=\"elementor-widget-wrap elementor-element-populated\">\n\t\t\t\t\t\t<div class=\"elementor-element elementor-element-be69c97 elementor-widget elementor-widget-accordion\" data-id=\"be69c97\" data-element_type=\"widget\" data-e-type=\"widget\" data-widget_type=\"accordion.default\">\n\t\t\t\t<div class=\"elementor-widget-container\">\n\t\t\t\t\t\t\t<div class=\"elementor-accordion\">\n\t\t\t\t\t\t\t<div class=\"elementor-accordion-item\">\n\t\t\t\t\t<div id=\"elementor-tab-title-1991\" class=\"elementor-tab-title\" data-tab=\"1\" role=\"button\" aria-controls=\"elementor-tab-content-1991\" aria-expanded=\"false\">\n\t\t\t\t\t\t\t\t\t\t\t\t\t<span class=\"elementor-accordion-icon elementor-accordion-icon-left\" aria-hidden=\"true\">\n\t\t\t\t\t\t\t\t\t\t\t\t\t\t\t<span class=\"elementor-accordion-icon-closed\"><i class=\"fas fa-plus\"><\/i><\/span>\n\t\t\t\t\t\t\t\t<span class=\"elementor-accordion-icon-opened\"><i class=\"fas fa-minus\"><\/i><\/span>\n\t\t\t\t\t\t\t\t\t\t\t\t\t\t<\/span>\n\t\t\t\t\t\t\t\t\t\t\t\t<a class=\"elementor-accordion-title\" tabindex=\"0\">2023 - Mostra KELLY<\/a>\n\t\t\t\t\t<\/div>\n\t\t\t\t\t<div id=\"elementor-tab-content-1991\" class=\"elementor-tab-content elementor-clearfix\" data-tab=\"1\" role=\"region\" aria-labelledby=\"elementor-tab-title-1991\"><p><a style=\"letter-spacing: 0px;\" href=\"https:\/\/www.elledecor.com\/it\/arte\/a43602756\/lagenda-delle-mostre-piu-belle-da-vedere-a-meta-aprile-2023\/\">L&#8217;AGENDA DELLE MOSTRE DA VEDERE QUESTA SETTIMANA | elledecor<\/a><\/p>\n<p><a href=\"https:\/\/www.artribune.com\/mostre-evento-arte\/ellsworth-kelly-linea-forma-colore\/\">Ellsworth Kelly \u2013 Linea forma colore | artribune<\/a><\/p>\n<p><a href=\"https:\/\/www.ilgiornaledellarte.com\/articoli\/giorno-per-giorno-nell-arte-13-aprile-2023\/141973.html\">Giorno per giorno nell\u2019arte | 13 aprile 2023 | ilgiornaledellarte<\/a><\/p>\n<p><strong>Radio:<\/strong><\/p>\n<p><a href=\"https:\/\/www.raiplaysound.it\/audio\/2023\/04\/A3-il-formato-dellarte-del-15042023-11f7ec37-9997-495a-b4cb-0a7d4a3a5c15.html\">Vittore Carpaccio. Dipinti e disegni, Palazzo Ducale Venezia | raiplaysound<\/a><\/p>\n<\/div>\n\t\t\t\t<\/div>\n\t\t\t\t\t\t\t<div class=\"elementor-accordion-item\">\n\t\t\t\t\t<div id=\"elementor-tab-title-1992\" class=\"elementor-tab-title\" data-tab=\"2\" role=\"button\" aria-controls=\"elementor-tab-content-1992\" aria-expanded=\"false\">\n\t\t\t\t\t\t\t\t\t\t\t\t\t<span class=\"elementor-accordion-icon elementor-accordion-icon-left\" aria-hidden=\"true\">\n\t\t\t\t\t\t\t\t\t\t\t\t\t\t\t<span class=\"elementor-accordion-icon-closed\"><i class=\"fas fa-plus\"><\/i><\/span>\n\t\t\t\t\t\t\t\t<span class=\"elementor-accordion-icon-opened\"><i class=\"fas fa-minus\"><\/i><\/span>\n\t\t\t\t\t\t\t\t\t\t\t\t\t\t<\/span>\n\t\t\t\t\t\t\t\t\t\t\t\t<a class=\"elementor-accordion-title\" tabindex=\"0\">2022\/23 mostra Paul Thek<\/a>\n\t\t\t\t\t<\/div>\n\t\t\t\t\t<div id=\"elementor-tab-content-1992\" class=\"elementor-tab-content elementor-clearfix\" data-tab=\"2\" role=\"region\" aria-labelledby=\"elementor-tab-title-1992\"><p><a style=\"letter-spacing: 0px;\" href=\"https:\/\/roma.corriere.it\/notizie\/cultura_e_spettacoli\/22_novembre_05\/paul-thek-italian-hours-dell-artista-americano-76694c6e-5c79-11ed-b827-fa754029d3c4.shtml\">Paul Thek, le \u00abItalian Hours\u00bb dell\u2019artista americano | roma.corriere<\/a><\/p>\n<p><a href=\"https:\/\/www.artribune.com\/arti-visive\/2022\/10\/paul-thek-roma\/\">Paul Thek. Mostra a Roma per l\u2019artista americano dopo 27 anni | artribune<\/a><\/p>\n<p><a href=\"https:\/\/www.juliet-artmagazine.com\/resurrezione-dellimmagine-paul-thek-italian-hours-alla-fondazione-nicola-del-roscio\/\">Resurrezione dell\u2019immagine. Paul Thek. Italian Hours alla Fondazione Nicola Del Roscio | juliet-artmagazine<br \/><\/a><\/p>\n<p><a href=\"https:\/\/hestetika.art\/paul-thek-italian-hours-alla-fondazione-del-roscio-di-roma\/\">Paul Thek. Italian Hours alla Fondazione Del Roscio di Roma | hestetika.art<\/a><\/p>\n<p><a href=\"https:\/\/www.adnkronos.com\/Archivio\/cultura\/paul-thek-italian-hours-fino-al-28-gennaio-alla-fondazione-nicola-del-roscio_kelRuRWYPXEA0jfA3BSYo\" target=\"_blank\" rel=\"noopener\">&#8216;Paul Thek. Italian Hours&#8217; fino al 28 gennaio alla Fondazione Nicola Del Roscio | adnkronos<\/a><\/p>\n<p><a href=\"https:\/\/latr3.it\/2022\/11\/19\/paul-thek-italian-hours-fino-al-28-gennaio-alla-fondazione-nicola-del-roscio\/\">\u2018Paul Thek. Italian Hours\u2019 fino al 28 gennaio alla Fondazione Nicola Del Roscio | latr3<\/a><\/p>\n<\/div>\n\t\t\t\t<\/div>\n\t\t\t\t\t\t\t<div class=\"elementor-accordion-item\">\n\t\t\t\t\t<div id=\"elementor-tab-title-1993\" class=\"elementor-tab-title\" data-tab=\"3\" role=\"button\" aria-controls=\"elementor-tab-content-1993\" aria-expanded=\"false\">\n\t\t\t\t\t\t\t\t\t\t\t\t\t<span class=\"elementor-accordion-icon elementor-accordion-icon-left\" aria-hidden=\"true\">\n\t\t\t\t\t\t\t\t\t\t\t\t\t\t\t<span class=\"elementor-accordion-icon-closed\"><i class=\"fas fa-plus\"><\/i><\/span>\n\t\t\t\t\t\t\t\t<span class=\"elementor-accordion-icon-opened\"><i class=\"fas fa-minus\"><\/i><\/span>\n\t\t\t\t\t\t\t\t\t\t\t\t\t\t<\/span>\n\t\t\t\t\t\t\t\t\t\t\t\t<a class=\"elementor-accordion-title\" tabindex=\"0\">2022 Concerti UN\/VEILED<\/a>\n\t\t\t\t\t<\/div>\n\t\t\t\t\t<div id=\"elementor-tab-content-1993\" class=\"elementor-tab-content elementor-clearfix\" data-tab=\"3\" role=\"region\" aria-labelledby=\"elementor-tab-title-1993\"><p><a style=\"letter-spacing: 0px;\" href=\"https:\/\/www.marieclaire.it\/lifestyle\/coolmix\/a40115163\/intervista-isabella-summers\/\">Dialogo con Isabella Summers, la &#8220;machine&#8221; di Florence and the Machine | Marieclaire<\/a><\/p>\n<p><a href=\"https:\/\/www.soundwall.it\/giganti-irregolari-e-beffardi-eraldo-bernocchi\/\">Giganti irregolari e beffardi: Eraldo Bernocchi | Soundwall<\/a><\/p>\n<\/div>\n\t\t\t\t<\/div>\n\t\t\t\t\t\t\t<div class=\"elementor-accordion-item\">\n\t\t\t\t\t<div id=\"elementor-tab-title-1994\" class=\"elementor-tab-title\" data-tab=\"4\" role=\"button\" aria-controls=\"elementor-tab-content-1994\" aria-expanded=\"false\">\n\t\t\t\t\t\t\t\t\t\t\t\t\t<span class=\"elementor-accordion-icon elementor-accordion-icon-left\" aria-hidden=\"true\">\n\t\t\t\t\t\t\t\t\t\t\t\t\t\t\t<span class=\"elementor-accordion-icon-closed\"><i class=\"fas fa-plus\"><\/i><\/span>\n\t\t\t\t\t\t\t\t<span class=\"elementor-accordion-icon-opened\"><i class=\"fas fa-minus\"><\/i><\/span>\n\t\t\t\t\t\t\t\t\t\t\t\t\t\t<\/span>\n\t\t\t\t\t\t\t\t\t\t\t\t<a class=\"elementor-accordion-title\" tabindex=\"0\">2021 exhibition Tacita Dean<\/a>\n\t\t\t\t\t<\/div>\n\t\t\t\t\t<div id=\"elementor-tab-content-1994\" class=\"elementor-tab-content elementor-clearfix\" data-tab=\"4\" role=\"region\" aria-labelledby=\"elementor-tab-title-1994\"><p><a style=\"letter-spacing: 0px;\" href=\"https:\/\/www.artforum.com\/events\/tacita-dean-16-249564\/\">Tacita Dean | artforum<\/a><\/p>\n<p><a href=\"https:\/\/www.artribune.com\/arti-visive\/arte-contemporanea\/2021\/11\/mostra-tacita-dean-cy-twombly-fondazione-nicola-del-roscio-roma\/\">A Roma mostra struggente che racconta il legame fra Tacita Dean e Cy Twombly | artribune<\/a><\/p>\n<p><a href=\"https:\/\/www.repubblica.it\/cultura\/2021\/11\/20\/news\/il_personaggio_tacita_dean_la_rivoluzione_oggi_e_difficile_-327138002\/\">Il personaggio. Tacita Dean: &#8220;La rivoluzione oggi \u00e8 difficile&#8221; | repubblica<\/a><\/p>\n<p><a href=\"https:\/\/www.ilgiornaledellarte.com\/articoli\/tacita-dean-per-twombly\/137659.html\">Tacita Dean per Twombly | ilgiornaledellarte<\/a><\/p>\n<p><a href=\"https:\/\/www.internimagazine.it\/agenda\/giorgio-morandi-e-tacita-dean-semplice-come-tutta-la-mia-vita\/\">Giorgio Morandi e Tacita Dean. Semplice come tutta la mia vita | Interni Magazine<\/a><\/p>\n<\/div>\n\t\t\t\t<\/div>\n\t\t\t\t\t\t\t<div class=\"elementor-accordion-item\">\n\t\t\t\t\t<div id=\"elementor-tab-title-1995\" class=\"elementor-tab-title\" data-tab=\"5\" role=\"button\" aria-controls=\"elementor-tab-content-1995\" aria-expanded=\"false\">\n\t\t\t\t\t\t\t\t\t\t\t\t\t<span class=\"elementor-accordion-icon elementor-accordion-icon-left\" aria-hidden=\"true\">\n\t\t\t\t\t\t\t\t\t\t\t\t\t\t\t<span class=\"elementor-accordion-icon-closed\"><i class=\"fas fa-plus\"><\/i><\/span>\n\t\t\t\t\t\t\t\t<span class=\"elementor-accordion-icon-opened\"><i class=\"fas fa-minus\"><\/i><\/span>\n\t\t\t\t\t\t\t\t\t\t\t\t\t\t<\/span>\n\t\t\t\t\t\t\t\t\t\t\t\t<a class=\"elementor-accordion-title\" tabindex=\"0\">2021 Mostra Nico Vascellari<\/a>\n\t\t\t\t\t<\/div>\n\t\t\t\t\t<div id=\"elementor-tab-content-1995\" class=\"elementor-tab-content elementor-clearfix\" data-tab=\"5\" role=\"region\" aria-labelledby=\"elementor-tab-title-1995\"><p style=\"background-color: #ffffff; letter-spacing: normal;\"><span style=\"background-color: #ffffff;\">Nico Vascellari \u201c01\u201d La Fondazione \/ Roma | <\/span><span style=\"font-weight: bold;\">flash&#8212;art<\/span><\/p>\n<p style=\"background-color: #ffffff; letter-spacing: normal;\"><a href=\"https:\/\/www.ad-italia.it\/luoghi\/arte-musei\/2021\/06\/09\/la-nuova-personale-di-nico-vascellari-e-una-questione-di-sguardi\/\">La nuova personale di Nico Vascellari \u00e8 una questione di sguardi | <span style=\"font-weight: bold;\">ad-italia<\/span><br \/><\/a><\/p>\n<p style=\"background-color: #ffffff; letter-spacing: normal;\"><a href=\"http:\/\/www.arte.it\/calendario-arte\/roma\/mostra-nico-vascellari-01-77015\">NICO VASCELLARI. 01 | <span style=\"font-weight: bold;\">arte<\/span><\/a><\/p>\n<p style=\"background-color: #ffffff; letter-spacing: normal;\"><a href=\"https:\/\/www.artuu.it\/una-nuova-mostra-di-nico-vascellari-alla-fondazione-roscio\/\">Una nuova mostra di Nico Vascellari alla Fondazione Roscio | <span style=\"font-weight: bold;\">artuu<\/span><\/a><\/p>\n<p style=\"background-color: #ffffff; letter-spacing: normal;\"><a href=\"https:\/\/atpdiary.com\/nico-vascellari-01-la-fondazione-roma\/\">Nico Vascellari, 01 | La Fondazione \u2013 Roma | <span style=\"font-weight: bold;\">atpdiary<\/span><\/a><\/p>\n<p style=\"background-color: #ffffff; letter-spacing: normal;\"><a href=\"https:\/\/www.artribune.com\/mostre-evento-arte\/nico-vascellari-01\/\">Nico Vascellari \u2013 01 | <span style=\"font-weight: bold;\">artribune<\/span><\/a><\/p>\n<\/div>\n\t\t\t\t<\/div>\n\t\t\t\t\t\t\t<div class=\"elementor-accordion-item\">\n\t\t\t\t\t<div id=\"elementor-tab-title-1996\" class=\"elementor-tab-title\" data-tab=\"6\" role=\"button\" aria-controls=\"elementor-tab-content-1996\" aria-expanded=\"false\">\n\t\t\t\t\t\t\t\t\t\t\t\t\t<span class=\"elementor-accordion-icon elementor-accordion-icon-left\" aria-hidden=\"true\">\n\t\t\t\t\t\t\t\t\t\t\t\t\t\t\t<span class=\"elementor-accordion-icon-closed\"><i class=\"fas fa-plus\"><\/i><\/span>\n\t\t\t\t\t\t\t\t<span class=\"elementor-accordion-icon-opened\"><i class=\"fas fa-minus\"><\/i><\/span>\n\t\t\t\t\t\t\t\t\t\t\t\t\t\t<\/span>\n\t\t\t\t\t\t\t\t\t\t\t\t<a class=\"elementor-accordion-title\" tabindex=\"0\">2020 - Mostra Piero Golia<\/a>\n\t\t\t\t\t<\/div>\n\t\t\t\t\t<div id=\"elementor-tab-content-1996\" class=\"elementor-tab-content elementor-clearfix\" data-tab=\"6\" role=\"region\" aria-labelledby=\"elementor-tab-title-1996\"><h3 style=\"background-color: #ffffff; letter-spacing: normal;\"><span style=\"background-color: rgb(255, 255, 255); color: rgb(30, 30, 30); font-size: 18px; font-weight: 400;\">Piero Golia \u201cTHE END\u201d La Fondazione \/ Roma |&nbsp;<\/span><span style=\"color: rgb(30, 30, 30); font-size: 18px;\">Flash Art<\/span><br \/><\/h3>\n<p style=\"background-color: #ffffff; letter-spacing: normal;\"><a href=\"https:\/\/lampoonmagazine.com\/article\/2022\/02\/15\/fondazione-rome-pier-paolo-pancotto\/\">La Fondazione, Rome. A 700-square-meter hall for sharing and dialogue<\/a>&nbsp;|&nbsp;<span style=\"font-weight: bold;\">Lampoon Magazine<\/span><\/p>\n<p style=\"background-color: #ffffff; letter-spacing: normal;\"><span style=\"color: #919191;\"><a href=\"https:\/\/www.exibart.com\/mostre\/mutazione-contemplazione-piero-golia-a-la-fondazione\/\">Mutazione e contemplazione: Piero Golia a La Fondazione |&nbsp;<\/a><\/span><span style=\"font-weight: bold;\">Exibart<\/span><\/p>\n<p style=\"background-color: #ffffff; letter-spacing: normal;\"><a href=\"https:\/\/stream24.ilsole24ore.com\/video\/cultura\/vuoto-azione-e-spazio-piero-golia-fondazione-roscio\/AC6yzcDB?refresh_ce=1\">Vuoto, azione e spazio: Piero Golia in Fondazione Del Roscio |&nbsp;<span style=\"font-weight: bold;\">stream24.ilsole24ore<\/span><br \/><\/a><\/p>\n<p style=\"background-color: #ffffff; letter-spacing: normal;\">Vuoto, azione e spazio: Piero Golia in Fondazione Del Roscio |&nbsp;Today<\/p>\n<p style=\"background-color: #ffffff; letter-spacing: normal;\">2020\/21 Mostra Marinella Senatore, Claire Fontaine, Pasquarosa<\/p>\n<p style=\"background-color: #ffffff; letter-spacing: normal;\"><a href=\"https:\/\/www.ilgiornaledellarte.com\/articoli\/le-parole-illuminanti-di-marinella-senatore\/134803.html\">Le parole illuminanti di Marinella Senatore |&nbsp;<span style=\"font-weight: bold;\">Il Giornale dell&#8217;arte<\/span><\/a><\/p>\n<p style=\"background-color: #ffffff; letter-spacing: normal;\"><a href=\"https:\/\/www.milanofinanza.it\/fashion\/in-mostra-a-roma-le-artiste-preferite-da-dior-202010201121541380\">In mostra a Roma le artiste preferite da Dior |&nbsp;<span style=\"font-weight: bold;\">Milano Finanza<\/span><\/a><\/p>\n<p style=\"background-color: #ffffff; letter-spacing: normal;\"><span style=\"color: #919191;\"><a href=\"https:\/\/www.artribune.com\/mostre-evento-arte\/claire-fontaine-pasquarosa-marinella-senatore\/\">Claire Fontaine | Pasquarosa | Marinella Senatore |&nbsp;<span style=\"font-weight: bold;\">Artribune<\/span><\/a><\/span><\/p>\n<\/div>\n\t\t\t\t<\/div>\n\t\t\t\t\t\t\t<div class=\"elementor-accordion-item\">\n\t\t\t\t\t<div id=\"elementor-tab-title-1997\" class=\"elementor-tab-title\" data-tab=\"7\" role=\"button\" aria-controls=\"elementor-tab-content-1997\" aria-expanded=\"false\">\n\t\t\t\t\t\t\t\t\t\t\t\t\t<span class=\"elementor-accordion-icon elementor-accordion-icon-left\" aria-hidden=\"true\">\n\t\t\t\t\t\t\t\t\t\t\t\t\t\t\t<span class=\"elementor-accordion-icon-closed\"><i class=\"fas fa-plus\"><\/i><\/span>\n\t\t\t\t\t\t\t\t<span class=\"elementor-accordion-icon-opened\"><i class=\"fas fa-minus\"><\/i><\/span>\n\t\t\t\t\t\t\t\t\t\t\t\t\t\t<\/span>\n\t\t\t\t\t\t\t\t\t\t\t\t<a class=\"elementor-accordion-title\" tabindex=\"0\">2019 - Mostra Geta Br\u0103tescu, Adrian Ghenie, Ciprian Mure\u015fan, and \u015eerban Savu<\/a>\n\t\t\t\t\t<\/div>\n\t\t\t\t\t<div id=\"elementor-tab-content-1997\" class=\"elementor-tab-content elementor-clearfix\" data-tab=\"7\" role=\"region\" aria-labelledby=\"elementor-tab-title-1997\"><h3><a style=\"font-size: 18px; font-style: normal; font-weight: 400; letter-spacing: 0px; text-transform: none; font-family: Jost, sans-serif;\" href=\"https:\/\/atpdiary.com\/bratescu-ghenie-muresan-savu-la-fondazione-roma\/\">Geta Br\u0103tescu, Adrian Ghenie, Ciprian Mure\u015fan, \u0218erban Savu | <strong>ATP DIARY<\/strong><\/a><\/h3>\n<h3><a style=\"font-family: Jost, sans-serif; font-style: normal; letter-spacing: 0px; text-transform: none; font-size: 18px; font-weight: 400;\" href=\"https:\/\/www.ilfoglio.it\/il-foglio\/2019\/09\/20\/news\/goodbye-ceausescu-275328\/\">Goodbye ceausescu | <strong>Il Foglio<\/strong><\/a><\/h3>\n<p><a style=\"letter-spacing: 0px;\" href=\"https:\/\/www.moussemagazine.it\/magazine\/la-fondazione-rome-giovanna-manzotti-2020\/\">Restaging Relations: \u201cGeta Br\u0103tescu, Adrian Ghenie, Ciprian Mure\u0219an, \u0218erban Savu\u201d at La Fondazione | <strong>Mousse Magazine<\/strong><\/a><\/p>\n<p><a href=\"https:\/\/artslife.com\/2021\/03\/10\/allestimento-nel-mondo-dellarte-pier-paolo-pancotto\/\">Da un\u2019altra prospettiva #6. L\u2019importanza dell\u2019allestimento nel mondo dell\u2019arte | <strong>ArtsLife<\/strong><\/a><\/p>\n<p><a href=\"https:\/\/www.exibart.com\/opening\/la-fondazione-a-roma-un-nuovo-spazio-per-il-contemporaneo\/\">La Fondazione: a Roma un nuovo spazio per il contemporaneo | <strong>Exibart<\/strong><\/a><\/p>\n<p><a href=\"https:\/\/www.velvetmag.it\/2019\/09\/25\/apre-a-roma-la-fondazione\/\">La Fondazione. A Roma apre il nuovo centro culturale di Nicola Del Roscio | <strong>velvetMAG<\/strong><\/a><\/p>\n<p><a href=\"https:\/\/insideart.eu\/2019\/09\/19\/la-fondazione-a-roma\/\">La Fondazione, a Roma | <strong>Insideart<\/strong><\/a><\/p>\n<p><a href=\"https:\/\/segnonline.it\/a-roma-apre-la-fondazione\/\">A Roma apre la Fondazione | <strong>Segno online<\/strong><\/a><\/p>\n<p><a href=\"https:\/\/www.artribune.com\/mostre-evento-arte\/la-fondazione-opening\/\">Br\u0103tescu | Ghenie | Mure\u015fan | Savu | <strong>Artribune<\/strong><\/a><\/p>\n<p><a href=\"https:\/\/contemporarylynx.co.uk\/i-trust-in-art-and-its-saving-capacity-a-conversation-with-pier-paolo-pancotto-from-la-fondazione-in-rome\">I Trust In Art And Its Saving Capacity | <strong>Contemporary Lynx<\/strong><\/a><\/p>\n<\/div>\n\t\t\t\t<\/div>\n\t\t\t\t\t\t\t\t<\/div>\n\t\t\t\t\t\t<\/div>\n\t\t\t\t<\/div>\n\t\t\t\t\t<\/div>\n\t\t<\/div>\n\t\t\t\t\t<\/div>\n\t\t<\/section>\n\t\t\t\t<\/div>\n\t\t","protected":false},"excerpt":{"rendered":"<p>2019 &#8211; Mostra Geta Br\u0103tescu, Adrian Ghenie, Ciprian Mure\u015fan, and \u015eerban Savu Geta Br\u0103tescu, Adrian Ghenie, Ciprian Mure\u015fan, \u0218erban Savu | ATP DIARY Goodbye ceausescu | Il Foglio Restaging Relations: \u201cGeta Br\u0103tescu, Adrian Ghenie, Ciprian Mure\u0219an, \u0218erban Savu\u201d at La Fondazione | Mousse Magazine Da&#8230;<\/p>\n","protected":false},"author":1,"featured_media":0,"parent":0,"menu_order":0,"comment_status":"closed","ping_status":"closed","template":"","meta":{"footnotes":""},"class_list":["post-1798","page","type-page","status-publish","hentry"],"yoast_head":"<!-- This site is optimized with the Yoast SEO plugin v27.3 - https:\/\/yoast.com\/product\/yoast-seo-wordpress\/ -->\n<title>Press - Fondazione Nicola Del Roscio<\/title>\n<meta name=\"robots\" content=\"index, follow, max-snippet:-1, max-image-preview:large, max-video-preview:-1\" \/>\n<link rel=\"canonical\" href=\"https:\/\/fondazionenicoladelroscio.it\/en\/press\/\" \/>\n<meta property=\"og:locale\" content=\"en_US\" \/>\n<meta property=\"og:type\" content=\"article\" \/>\n<meta property=\"og:title\" content=\"Press - Fondazione Nicola Del Roscio\" \/>\n<meta property=\"og:description\" content=\"2019 &#8211; Mostra Geta Br\u0103tescu, Adrian Ghenie, Ciprian Mure\u015fan, and \u015eerban Savu Geta Br\u0103tescu, Adrian Ghenie, Ciprian Mure\u015fan, \u0218erban Savu | ATP DIARY Goodbye ceausescu | Il Foglio Restaging Relations: \u201cGeta Br\u0103tescu, Adrian Ghenie, Ciprian Mure\u0219an, \u0218erban Savu\u201d at La Fondazione | Mousse Magazine Da...\" \/>\n<meta property=\"og:url\" content=\"https:\/\/fondazionenicoladelroscio.it\/en\/press\/\" \/>\n<meta property=\"og:site_name\" content=\"Fondazione Nicola Del Roscio\" \/>\n<meta property=\"article:modified_time\" content=\"2023-12-22T15:30:30+00:00\" \/>\n<meta name=\"twitter:card\" content=\"summary_large_image\" \/>\n<meta name=\"twitter:label1\" content=\"Est. reading time\" \/>\n\t<meta name=\"twitter:data1\" content=\"2 minutes\" \/>\n<script type=\"application\/ld+json\" class=\"yoast-schema-graph\">{\"@context\":\"https:\\\/\\\/schema.org\",\"@graph\":[{\"@type\":\"WebPage\",\"@id\":\"https:\\\/\\\/fondazionenicoladelroscio.it\\\/en\\\/press\\\/\",\"url\":\"https:\\\/\\\/fondazionenicoladelroscio.it\\\/en\\\/press\\\/\",\"name\":\"Press - Fondazione Nicola Del Roscio\",\"isPartOf\":{\"@id\":\"https:\\\/\\\/fondazionenicoladelroscio.it\\\/en\\\/#website\"},\"datePublished\":\"2023-07-25T13:08:43+00:00\",\"dateModified\":\"2023-12-22T15:30:30+00:00\",\"breadcrumb\":{\"@id\":\"https:\\\/\\\/fondazionenicoladelroscio.it\\\/en\\\/press\\\/#breadcrumb\"},\"inLanguage\":\"en-US\",\"potentialAction\":[{\"@type\":\"ReadAction\",\"target\":[\"https:\\\/\\\/fondazionenicoladelroscio.it\\\/en\\\/press\\\/\"]}]},{\"@type\":\"BreadcrumbList\",\"@id\":\"https:\\\/\\\/fondazionenicoladelroscio.it\\\/en\\\/press\\\/#breadcrumb\",\"itemListElement\":[{\"@type\":\"ListItem\",\"position\":1,\"name\":\"Home\",\"item\":\"https:\\\/\\\/fondazionenicoladelroscio.it\\\/en\\\/home\\\/\"},{\"@type\":\"ListItem\",\"position\":2,\"name\":\"Press\"}]},{\"@type\":\"WebSite\",\"@id\":\"https:\\\/\\\/fondazionenicoladelroscio.it\\\/en\\\/#website\",\"url\":\"https:\\\/\\\/fondazionenicoladelroscio.it\\\/en\\\/\",\"name\":\"Fondazione Nicola Del Roscio\",\"description\":\"\",\"potentialAction\":[{\"@type\":\"SearchAction\",\"target\":{\"@type\":\"EntryPoint\",\"urlTemplate\":\"https:\\\/\\\/fondazionenicoladelroscio.it\\\/en\\\/?s={search_term_string}\"},\"query-input\":{\"@type\":\"PropertyValueSpecification\",\"valueRequired\":true,\"valueName\":\"search_term_string\"}}],\"inLanguage\":\"en-US\"}]}<\/script>\n<!-- \/ Yoast SEO plugin. -->","yoast_head_json":{"title":"Press - Fondazione Nicola Del Roscio","robots":{"index":"index","follow":"follow","max-snippet":"max-snippet:-1","max-image-preview":"max-image-preview:large","max-video-preview":"max-video-preview:-1"},"canonical":"https:\/\/fondazionenicoladelroscio.it\/en\/press\/","og_locale":"en_US","og_type":"article","og_title":"Press - Fondazione Nicola Del Roscio","og_description":"2019 &#8211; Mostra Geta Br\u0103tescu, Adrian Ghenie, Ciprian Mure\u015fan, and \u015eerban Savu Geta Br\u0103tescu, Adrian Ghenie, Ciprian Mure\u015fan, \u0218erban Savu | ATP DIARY Goodbye ceausescu | Il Foglio Restaging Relations: \u201cGeta Br\u0103tescu, Adrian Ghenie, Ciprian Mure\u0219an, \u0218erban Savu\u201d at La Fondazione | Mousse Magazine Da...","og_url":"https:\/\/fondazionenicoladelroscio.it\/en\/press\/","og_site_name":"Fondazione Nicola Del Roscio","article_modified_time":"2023-12-22T15:30:30+00:00","twitter_card":"summary_large_image","twitter_misc":{"Est. reading time":"2 minutes"},"schema":{"@context":"https:\/\/schema.org","@graph":[{"@type":"WebPage","@id":"https:\/\/fondazionenicoladelroscio.it\/en\/press\/","url":"https:\/\/fondazionenicoladelroscio.it\/en\/press\/","name":"Press - Fondazione Nicola Del Roscio","isPartOf":{"@id":"https:\/\/fondazionenicoladelroscio.it\/en\/#website"},"datePublished":"2023-07-25T13:08:43+00:00","dateModified":"2023-12-22T15:30:30+00:00","breadcrumb":{"@id":"https:\/\/fondazionenicoladelroscio.it\/en\/press\/#breadcrumb"},"inLanguage":"en-US","potentialAction":[{"@type":"ReadAction","target":["https:\/\/fondazionenicoladelroscio.it\/en\/press\/"]}]},{"@type":"BreadcrumbList","@id":"https:\/\/fondazionenicoladelroscio.it\/en\/press\/#breadcrumb","itemListElement":[{"@type":"ListItem","position":1,"name":"Home","item":"https:\/\/fondazionenicoladelroscio.it\/en\/home\/"},{"@type":"ListItem","position":2,"name":"Press"}]},{"@type":"WebSite","@id":"https:\/\/fondazionenicoladelroscio.it\/en\/#website","url":"https:\/\/fondazionenicoladelroscio.it\/en\/","name":"Fondazione Nicola Del Roscio","description":"","potentialAction":[{"@type":"SearchAction","target":{"@type":"EntryPoint","urlTemplate":"https:\/\/fondazionenicoladelroscio.it\/en\/?s={search_term_string}"},"query-input":{"@type":"PropertyValueSpecification","valueRequired":true,"valueName":"search_term_string"}}],"inLanguage":"en-US"}]}},"_links":{"self":[{"href":"https:\/\/fondazionenicoladelroscio.it\/en\/wp-json\/wp\/v2\/pages\/1798","targetHints":{"allow":["GET"]}}],"collection":[{"href":"https:\/\/fondazionenicoladelroscio.it\/en\/wp-json\/wp\/v2\/pages"}],"about":[{"href":"https:\/\/fondazionenicoladelroscio.it\/en\/wp-json\/wp\/v2\/types\/page"}],"author":[{"embeddable":true,"href":"https:\/\/fondazionenicoladelroscio.it\/en\/wp-json\/wp\/v2\/users\/1"}],"replies":[{"embeddable":true,"href":"https:\/\/fondazionenicoladelroscio.it\/en\/wp-json\/wp\/v2\/comments?post=1798"}],"version-history":[{"count":5,"href":"https:\/\/fondazionenicoladelroscio.it\/en\/wp-json\/wp\/v2\/pages\/1798\/revisions"}],"predecessor-version":[{"id":1896,"href":"https:\/\/fondazionenicoladelroscio.it\/en\/wp-json\/wp\/v2\/pages\/1798\/revisions\/1896"}],"wp:attachment":[{"href":"https:\/\/fondazionenicoladelroscio.it\/en\/wp-json\/wp\/v2\/media?parent=1798"}],"curies":[{"name":"wp","href":"https:\/\/api.w.org\/{rel}","templated":true}]}}